{"id":931,"date":"2020-05-20T16:13:52","date_gmt":"2020-05-20T16:13:52","guid":{"rendered":"https:\/\/www.dsngrid.com\/droow\/?page_id=931"},"modified":"2020-10-14T12:55:54","modified_gmt":"2020-10-14T12:55:54","slug":"contacto","status":"publish","type":"page","link":"https:\/\/www.clamaje.com\/proyectosaudiovisuales\/contacto\/","title":{"rendered":"Contacto"},"content":{"rendered":"\t\t<div data-elementor-type=\"wp-page\" data-elementor-id=\"931\" class=\"elementor elementor-931\" data-elementor-settings=\"[]\">\n\t\t\t\t\t\t<div class=\"elementor-inner\">\n\t\t\t\t\t\t\t<div class=\"elementor-section-wrap\">\n\t\t\t\t\t\t\t<section class=\"elementor-section elementor-top-section elementor-element elementor-element-5018d51b elementor-section-height-min-height elementor-section-content-middle elementor-reverse-mobile elementor-section-stretched elementor-section-full_width elementor-section-height-default elementor-section-items-middle\" data-id=\"5018d51b\" data-element_type=\"section\" data-settings=\"{&quot;background_background&quot;:&quot;classic&quot;,&quot;stretch_section&quot;:&quot;section-stretched&quot;}\">\n\t\t\t\t\t\t<div class=\"elementor-container elementor-column-gap-no\">\n\t\t\t\t\t\t\t<div class=\"elementor-row\">\n\t\t\t\t\t<div class=\"elementor-column elementor-col-50 elementor-top-column elementor-element elementor-element-62064dd4\" data-id=\"62064dd4\" data-element_type=\"column\">\n\t\t\t<div class=\"elementor-column-wrap elementor-element-populated\">\n\t\t\t\t\t\t\t<div class=\"elementor-widget-wrap\">\n\t\t\t\t\t\t<div class=\"elementor-element elementor-element-3fa34c1a elementor-widget elementor-widget-heading\" data-id=\"3fa34c1a\" data-element_type=\"widget\" data-widget_type=\"heading.default\">\n\t\t\t\t<div class=\"elementor-widget-container\">\n\t\t\t<h2 class=\"elementor-heading-title elementor-size-default\">\u00bfAlguna duda sobre tu proyecto?<\/h2>\t\t<\/div>\n\t\t\t\t<\/div>\n\t\t\t\t<div class=\"elementor-element elementor-element-7baab83c elementor-widget elementor-widget-text-editor\" data-id=\"7baab83c\" data-element_type=\"widget\" data-widget_type=\"text-editor.default\">\n\t\t\t\t<div class=\"elementor-widget-container\">\n\t\t\t\t\t<div class=\"elementor-text-editor elementor-clearfix\"><h5><span style=\"color: #ffffff;\">Te mostramos las mejores opciones en nuestra <strong>Asesor\u00eda Gratuita.<\/strong><\/span><\/h5><\/div>\n\t\t\t\t<\/div>\n\t\t\t\t<\/div>\n\t\t\t\t<div class=\"elementor-element elementor-element-3b90795 elementor-align-left elementor-mobile-align-center elementor-button-info elementor-widget elementor-widget-button\" data-id=\"3b90795\" data-element_type=\"widget\" data-widget_type=\"button.default\">\n\t\t\t\t<div class=\"elementor-widget-container\">\n\t\t\t\t\t<div class=\"elementor-button-wrapper\">\n\t\t\t<a href=\"http:\/\/www.clamaje.com\/proyectosaudiovisuales\/contacto\" class=\"elementor-button-link elementor-button elementor-size-sm elementor-animation-grow\" role=\"button\">\n\t\t\t\t\t\t<span class=\"elementor-button-content-wrapper\">\n\t\t\t\t\t\t<span class=\"elementor-button-text\">Contacta sin compromiso<\/span>\n\t\t<\/span>\n\t\t\t\t\t<\/a>\n\t\t<\/div>\n\t\t\t\t<\/div>\n\t\t\t\t<\/div>\n\t\t\t\t\t\t<\/div>\n\t\t\t\t\t<\/div>\n\t\t<\/div>\n\t\t\t\t<div class=\"elementor-column elementor-col-50 elementor-top-column elementor-element elementor-element-477f1ac0\" data-id=\"477f1ac0\" data-element_type=\"column\">\n\t\t\t<div class=\"elementor-column-wrap elementor-element-populated\">\n\t\t\t\t\t\t\t<div class=\"elementor-widget-wrap\">\n\t\t\t\t\t\t<div class=\"elementor-element elementor-element-718a25b1 elementor-widget elementor-widget-image\" data-id=\"718a25b1\" data-element_type=\"widget\" data-widget_type=\"image.default\">\n\t\t\t\t<div class=\"elementor-widget-container\">\n\t\t\t\t\t<div class=\"elementor-image\">\n\t\t\t\t\t\t\t\t\t\t<img width=\"1022\" height=\"1022\" src=\"https:\/\/www.clamaje.com\/wp-content\/uploads\/2020\/09\/imageedit_79_2789626271.png\" class=\"attachment-full size-full\" alt=\"\" loading=\"lazy\" srcset=\"https:\/\/www.clamaje.com\/wp-content\/uploads\/2020\/09\/imageedit_79_2789626271.png 1022w, https:\/\/www.clamaje.com\/wp-content\/uploads\/2020\/09\/imageedit_79_2789626271-300x300.png 300w, https:\/\/www.clamaje.com\/wp-content\/uploads\/2020\/09\/imageedit_79_2789626271-150x150.png 150w, https:\/\/www.clamaje.com\/wp-content\/uploads\/2020\/09\/imageedit_79_2789626271-768x768.png 768w, https:\/\/www.clamaje.com\/wp-content\/uploads\/2020\/09\/imageedit_79_2789626271-880x880.png 880w\" sizes=\"(max-width: 1022px) 100vw, 1022px\" \/>\t\t\t\t\t\t\t\t\t\t\t<\/div>\n\t\t\t\t<\/div>\n\t\t\t\t<\/div>\n\t\t\t\t\t\t<\/div>\n\t\t\t\t\t<\/div>\n\t\t<\/div>\n\t\t\t\t\t\t\t\t<\/div>\n\t\t\t\t\t<\/div>\n\t\t<\/section>\n\t\t\t\t<section class=\"elementor-section elementor-top-section elementor-element elementor-element-4c1bee0 elementor-section-boxed elementor-section-height-default elementor-section-height-default\" data-id=\"4c1bee0\" data-element_type=\"section\">\n\t\t\t\t\t\t<div class=\"elementor-container elementor-column-gap-default\">\n\t\t\t\t\t\t\t<div class=\"elementor-row\">\n\t\t\t\t\t<div class=\"elementor-column elementor-col-100 elementor-top-column elementor-element elementor-element-c44c4ac\" data-id=\"c44c4ac\" data-element_type=\"column\">\n\t\t\t<div class=\"elementor-column-wrap elementor-element-populated\">\n\t\t\t\t\t\t\t<div class=\"elementor-widget-wrap\">\n\t\t\t\t\t\t<div class=\"elementor-element elementor-element-8ff2f80 elementor-widget elementor-widget-heading\" data-id=\"8ff2f80\" data-element_type=\"widget\" data-widget_type=\"heading.default\">\n\t\t\t\t<div class=\"elementor-widget-container\">\n\t\t\t<h2 class=\"elementor-heading-title elementor-size-default\">Contacta con nosotros<\/h2>\t\t<\/div>\n\t\t\t\t<\/div>\n\t\t\t\t\t\t<\/div>\n\t\t\t\t\t<\/div>\n\t\t<\/div>\n\t\t\t\t\t\t\t\t<\/div>\n\t\t\t\t\t<\/div>\n\t\t<\/section>\n\t\t\t\t<section class=\"elementor-section elementor-top-section elementor-element elementor-element-70ad91a elementor-section-full_width section-margin elementor-section-stretched elementor-section-height-default elementor-section-height-default\" data-id=\"70ad91a\" data-element_type=\"section\" data-settings=\"{&quot;stretch_section&quot;:&quot;section-stretched&quot;}\">\n\t\t\t\t\t\t<div class=\"elementor-container elementor-column-gap-no\">\n\t\t\t\t\t\t\t<div class=\"elementor-row\">\n\t\t\t\t\t<div class=\"elementor-column elementor-col-100 elementor-top-column elementor-element elementor-element-97dbed3\" data-id=\"97dbed3\" data-element_type=\"column\">\n\t\t\t<div class=\"elementor-column-wrap elementor-element-populated\">\n\t\t\t\t\t\t\t<div class=\"elementor-widget-wrap\">\n\t\t\t\t\t\t<div class=\"elementor-element elementor-element-f839611 elementor-widget elementor-widget-dsn-contact\" data-id=\"f839611\" data-element_type=\"widget\" data-widget_type=\"dsn-contact.default\">\n\t\t\t\t<div class=\"elementor-widget-container\">\n\t\t\t\n\n<div class=\"root-contact  \" >\n\n\n    <div class=\"container\">\n        <div class=\"row\">\n            <div class=\"col-lg-6\">\n                <div class=\"box-info-contact\">\n                    <h3 data-dsn-animate=up>asesor\u00eda gratuita<\/h3><h5 data-dsn-animate=up>Cons\u00faltanos sin compromiso.<\/h5><p data-dsn-animate=up>\u00bfNo sabes con claridad qu\u00e9 necesitas?Te mostramos las mejores opciones para tu gran Proyecto Audiovisual.<\/p>\n                    <ul>\n                        <li><span data-dsn-animate=\"text\">Tel\u00e9fono<\/span><a href=\"tel:639745458\" target=\"_blank\" rel=\"nofollow\" data-dsn-animate=\"text\">639745458<\/a><\/li>\n\n                        <li><span data-dsn-animate=\"text\">E-mail<\/span><a href=\"mailto:%69&#110;fo%40%63&#108;&#97;%6d%61j%65.%63o%6d\" target=\"_blank\" rel=\"nofollow\" data-dsn-animate=\"text\">in&#102;&#111;&#64;cl&#97;m&#97;j&#101;.&#99;&#111;&#109;<\/a><\/li>\n\n                        <li><span data-dsn-animate=\"text\">Direcci\u00f3n<\/span><p data-dsn-animate=\"text\">Calle Pire Garc\u00eda 54, 03204, Elche<\/p><\/li>\n                    <\/ul>\n                <\/div>\n            <\/div>\n\n            <div class=\"col-lg-6\">\n                <div class=\"form-box\">\n                    <h3 data-dsn-animate=\"text\">Cu\u00e9ntanos sobre tu proyecto<\/h3><div role=\"form\" class=\"wpcf7\" id=\"wpcf7-f296-o1\" lang=\"en-US\" dir=\"ltr\">\n<div class=\"screen-reader-response\" role=\"alert\" aria-live=\"polite\"><\/div>\n<form action=\"\/proyectosaudiovisuales\/wp-json\/wp\/v2\/pages\/931#wpcf7-f296-o1\" method=\"post\" class=\"wpcf7-form init\" novalidate=\"novalidate\">\n<div style=\"display: none;\">\n<input type=\"hidden\" name=\"_wpcf7\" value=\"296\" \/>\n<input type=\"hidden\" name=\"_wpcf7_version\" value=\"5.2.2\" \/>\n<input type=\"hidden\" name=\"_wpcf7_locale\" value=\"en_US\" \/>\n<input type=\"hidden\" name=\"_wpcf7_unit_tag\" value=\"wpcf7-f296-o1\" \/>\n<input type=\"hidden\" name=\"_wpcf7_container_post\" value=\"0\" \/>\n<input type=\"hidden\" name=\"_wpcf7_posted_data_hash\" value=\"\" \/>\n<\/div>\n<div class=\"input__wrap controls\">\n    <div class=\"form-group\">\n      <div class=\"entry-form\">\n        <label>\u00bfNombre?<\/label><span class=\"wpcf7-form-control-wrap your-name\"><input type=\"text\" name=\"your-name\" value=\"\" size=\"40\" class=\"wpcf7-form-control wpcf7-text wpcf7-validates-as-required\" aria-required=\"true\" aria-invalid=\"false\" placeholder=\"Escribe nombre y apellidos\" \/><\/span>\n      <\/div>\n    <\/div>\n\n    <div class=\"form-group\">\n      <div class=\"entry-form\">\n        <label>\u00bfE-mail?<\/label><span class=\"wpcf7-form-control-wrap your-email\"><input type=\"email\" name=\"your-email\" value=\"\" size=\"40\" class=\"wpcf7-form-control wpcf7-text wpcf7-email wpcf7-validates-as-required wpcf7-validates-as-email\" aria-required=\"true\" aria-invalid=\"false\" placeholder=\"Escribe tu E-mail\" \/><\/span>\n      <\/div>\n\n    <\/div>\n\n    <div class=\"form-group\">\n      <div class=\"entry-form\">\n        <label>\u00bfQu\u00e9 necesitas?<\/label><span class=\"wpcf7-form-control-wrap your-message\"><textarea name=\"your-message\" cols=\"40\" rows=\"4\" class=\"wpcf7-form-control wpcf7-textarea\" aria-invalid=\"false\" placeholder=\"Cu\u00e9ntanos\"><\/textarea><\/span>\n      <\/div>\n    <\/div>\n\n    <div class=\"image-zoom\" data-dsn=\"parallax\">\n      <input type=\"submit\" value=\"Send Message\" class=\"wpcf7-form-control wpcf7-submit\" \/>\n    <\/div>\n  <\/div><div class=\"wpcf7-response-output\" role=\"alert\" aria-hidden=\"true\"><\/div><\/form><\/div>\n                <\/div>\n            <\/div>\n        <\/div>\n    <\/div>\n<\/div>\n\t\t<\/div>\n\t\t\t\t<\/div>\n\t\t\t\t\t\t<\/div>\n\t\t\t\t\t<\/div>\n\t\t<\/div>\n\t\t\t\t\t\t\t\t<\/div>\n\t\t\t\t\t<\/div>\n\t\t<\/section>\n\t\t\t\t<section class=\"elementor-section elementor-top-section elementor-element elementor-element-f95cf94 elementor-section-boxed elementor-section-height-default elementor-section-height-default\" data-id=\"f95cf94\" data-element_type=\"section\">\n\t\t\t\t\t\t<div class=\"elementor-container elementor-column-gap-default\">\n\t\t\t\t\t\t\t<div class=\"elementor-row\">\n\t\t\t\t\t<div class=\"elementor-column elementor-col-100 elementor-top-column elementor-element elementor-element-2899058\" data-id=\"2899058\" data-element_type=\"column\">\n\t\t\t<div class=\"elementor-column-wrap elementor-element-populated\">\n\t\t\t\t\t\t\t<div class=\"elementor-widget-wrap\">\n\t\t\t\t\t\t<div class=\"elementor-element elementor-element-0d5583b elementor-widget elementor-widget-heading\" data-id=\"0d5583b\" data-element_type=\"widget\" data-widget_type=\"heading.default\">\n\t\t\t\t<div class=\"elementor-widget-container\">\n\t\t\t<h2 class=\"elementor-heading-title elementor-size-default\">Vis\u00edtanos<\/h2>\t\t<\/div>\n\t\t\t\t<\/div>\n\t\t\t\t\t\t<\/div>\n\t\t\t\t\t<\/div>\n\t\t<\/div>\n\t\t\t\t\t\t\t\t<\/div>\n\t\t\t\t\t<\/div>\n\t\t<\/section>\n\t\t\t\t<section class=\"elementor-section elementor-top-section elementor-element elementor-element-0878ed4 elementor-section-boxed elementor-section-height-default elementor-section-height-default\" data-id=\"0878ed4\" data-element_type=\"section\">\n\t\t\t\t\t\t<div class=\"elementor-container elementor-column-gap-default\">\n\t\t\t\t\t\t\t<div class=\"elementor-row\">\n\t\t\t\t\t<div class=\"elementor-column elementor-col-100 elementor-top-column elementor-element elementor-element-42b709d\" data-id=\"42b709d\" data-element_type=\"column\">\n\t\t\t<div class=\"elementor-column-wrap elementor-element-populated\">\n\t\t\t\t\t\t\t<div class=\"elementor-widget-wrap\">\n\t\t\t\t\t\t<div class=\"elementor-element elementor-element-c623fb1 elementor-widget elementor-widget-google_maps\" data-id=\"c623fb1\" data-element_type=\"widget\" data-widget_type=\"google_maps.default\">\n\t\t\t\t<div class=\"elementor-widget-container\">\n\t\t\t<div class=\"elementor-custom-embed\"><iframe frameborder=\"0\" scrolling=\"no\" marginheight=\"0\" marginwidth=\"0\" src=\"https:\/\/maps.google.com\/maps?q=c%2FEnrique%20pire%20garcia%2054%20%2C%20%2003204%20Elche&amp;t=m&amp;z=8&amp;output=embed&amp;iwloc=near\" title=\"c\/Enrique pire garcia 54 ,  03204 Elche\" aria-label=\"c\/Enrique pire garcia 54 ,  03204 Elche\"><\/iframe><\/div>\t\t<\/div>\n\t\t\t\t<\/div>\n\t\t\t\t\t\t<\/div>\n\t\t\t\t\t<\/div>\n\t\t<\/div>\n\t\t\t\t\t\t\t\t<\/div>\n\t\t\t\t\t<\/div>\n\t\t<\/section>\n\t\t\t\t\t\t<\/div>\n\t\t\t\t\t\t<\/div>\n\t\t\t\t\t<\/div>\n\t\t","protected":false},"excerpt":{"rendered":"<p>\u00bfAlguna duda sobre tu proyecto? Te mostramos las mejores opciones en nuestra Asesor\u00eda Gratuita. Contacta sin compromiso Contacta con nosotros asesor\u00eda gratuita Cons\u00faltanos sin compromiso. \u00bfNo sabes con claridad qu\u00e9 necesitas?Te mostramos las mejores opciones para tu gran Proyecto Audiovisual. Tel\u00e9fono639745458 E-mailinfo&#64;&#99;&#108;&#97;&#109;aje&#46;&#99;om Direcci\u00f3n Calle Pire Garc\u00eda 54, 03204, Elche Cu\u00e9ntanos sobre tu proyecto \u00bfNombre? \u00bfE-mail? [&hellip;]<\/p>\n","protected":false},"author":1,"featured_media":0,"parent":0,"menu_order":0,"comment_status":"closed","ping_status":"closed","template":"","meta":[],"yoast_head":"<!-- This site is optimized with the Yoast SEO plugin v14.9 - https:\/\/yoast.com\/wordpress\/plugins\/seo\/ -->\n<title>Contacto -<\/title>\n<meta name=\"description\" content=\"Contacta para tu proyecto audiovisual de Dron, Fotograf\u00eda y V\u00eddeo. Suscr\u00edbete a nuestra Newsletter para recibir las mejores ofertas.\" \/>\n<meta name=\"robots\" content=\"index, follow, max-snippet:-1, max-image-preview:large, max-video-preview:-1\" \/>\n<link rel=\"canonical\" href=\"https:\/\/www.clamaje.com\/proyectosaudiovisuales\/contacto\/\" \/>\n<meta property=\"og:locale\" content=\"es_ES\" \/>\n<meta property=\"og:type\" content=\"article\" \/>\n<meta property=\"og:title\" content=\"Contacto -\" \/>\n<meta property=\"og:description\" content=\"Contacta para tu proyecto audiovisual de Dron, Fotograf\u00eda y V\u00eddeo. Suscr\u00edbete a nuestra Newsletter para recibir las mejores ofertas.\" \/>\n<meta property=\"og:url\" content=\"https:\/\/www.clamaje.com\/proyectosaudiovisuales\/contacto\/\" \/>\n<meta property=\"article:modified_time\" content=\"2020-10-14T12:55:54+00:00\" \/>\n<meta property=\"og:image\" content=\"https:\/\/www.clamaje.com\/wp-content\/uploads\/2020\/09\/imageedit_79_2789626271.png\" \/>\n<meta name=\"twitter:card\" content=\"summary_large_image\" \/>\n<script type=\"application\/ld+json\" class=\"yoast-schema-graph\">{\"@context\":\"https:\/\/schema.org\",\"@graph\":[{\"@type\":\"WebSite\",\"@id\":\"https:\/\/www.clamaje.com\/proyectosaudiovisuales\/#website\",\"url\":\"https:\/\/www.clamaje.com\/proyectosaudiovisuales\/\",\"name\":\"\",\"description\":\"Proyectos Audiovisuales de Drone, Fotograf\\u00eda y V\\u00eddeo.\",\"potentialAction\":[{\"@type\":\"SearchAction\",\"target\":\"https:\/\/www.clamaje.com\/proyectosaudiovisuales\/?s={search_term_string}\",\"query-input\":\"required name=search_term_string\"}],\"inLanguage\":\"es\"},{\"@type\":\"ImageObject\",\"@id\":\"https:\/\/www.clamaje.com\/proyectosaudiovisuales\/contacto\/#primaryimage\",\"inLanguage\":\"es\",\"url\":\"https:\/\/www.clamaje.com\/wp-content\/uploads\/2020\/09\/imageedit_79_2789626271.png\",\"width\":1022,\"height\":1022},{\"@type\":\"WebPage\",\"@id\":\"https:\/\/www.clamaje.com\/proyectosaudiovisuales\/contacto\/#webpage\",\"url\":\"https:\/\/www.clamaje.com\/proyectosaudiovisuales\/contacto\/\",\"name\":\"Contacto -\",\"isPartOf\":{\"@id\":\"https:\/\/www.clamaje.com\/proyectosaudiovisuales\/#website\"},\"primaryImageOfPage\":{\"@id\":\"https:\/\/www.clamaje.com\/proyectosaudiovisuales\/contacto\/#primaryimage\"},\"datePublished\":\"2020-05-20T16:13:52+00:00\",\"dateModified\":\"2020-10-14T12:55:54+00:00\",\"description\":\"Contacta para tu proyecto audiovisual de Dron, Fotograf\\u00eda y V\\u00eddeo. Suscr\\u00edbete a nuestra Newsletter para recibir las mejores ofertas.\",\"inLanguage\":\"es\",\"potentialAction\":[{\"@type\":\"ReadAction\",\"target\":[\"https:\/\/www.clamaje.com\/proyectosaudiovisuales\/contacto\/\"]}]}]}<\/script>\n<!-- \/ Yoast SEO plugin. -->","_links":{"self":[{"href":"https:\/\/www.clamaje.com\/proyectosaudiovisuales\/wp-json\/wp\/v2\/pages\/931"}],"collection":[{"href":"https:\/\/www.clamaje.com\/proyectosaudiovisuales\/wp-json\/wp\/v2\/pages"}],"about":[{"href":"https:\/\/www.clamaje.com\/proyectosaudiovisuales\/wp-json\/wp\/v2\/types\/page"}],"author":[{"embeddable":true,"href":"https:\/\/www.clamaje.com\/proyectosaudiovisuales\/wp-json\/wp\/v2\/users\/1"}],"replies":[{"embeddable":true,"href":"https:\/\/www.clamaje.com\/proyectosaudiovisuales\/wp-json\/wp\/v2\/comments?post=931"}],"version-history":[{"count":20,"href":"https:\/\/www.clamaje.com\/proyectosaudiovisuales\/wp-json\/wp\/v2\/pages\/931\/revisions"}],"predecessor-version":[{"id":2147,"href":"https:\/\/www.clamaje.com\/proyectosaudiovisuales\/wp-json\/wp\/v2\/pages\/931\/revisions\/2147"}],"wp:attachment":[{"href":"https:\/\/www.clamaje.com\/proyectosaudiovisuales\/wp-json\/wp\/v2\/media?parent=931"}],"curies":[{"name":"wp","href":"https:\/\/api.w.org\/{rel}","templated":true}]}}